{"id":1120,"date":"2016-02-08T09:57:18","date_gmt":"2016-02-08T09:57:18","guid":{"rendered":"http:\/\/zeromski.czest.pl\/?page_id=1120"},"modified":"2016-06-20T09:40:14","modified_gmt":"2016-06-20T09:40:14","slug":"szkola-w-zyciu-czestochowy","status":"publish","type":"page","link":"https:\/\/zeromski.czest.pl\/?page_id=1120","title":{"rendered":"Szko\u0142a w \u017byciu Cz\u0119stochowy"},"content":{"rendered":"<p>Wsp\u00f3\u0142pracujemy stale z \u201e\u017byciem Cz\u0119stochowy\u201d, w kt\u00f3rej ukazuj\u0105 si\u0119 informacje dotycz\u0105ce naszej szko\u0142y, imprez artystycznych, kulturalnych i sportowych. Artyku\u0142y przygotowuj\u0105 nauczyciele i uczniowie.<\/p>\n<ul>\n<li>czerwiec<br \/>\n<a href=\"http:\/\/www.zycieczestochowy.pl\/article\/46833\/ewydanie-17062016r\" target=\"_blank\">http:\/\/www.zycieczestochowy.pl\/article\/46833\/ewydanie-17062016r<\/a><\/li>\n<\/ul>\n<ul>\n<li>20 maj 2016<br \/>\n<a href=\"http:\/\/www.zycieczestochowy.pl\/article\/37405\/ewydanie-20052016r\" target=\"_blank\">http:\/\/www.zycieczestochowy.pl\/article\/37405\/ewydanie-20052016r<\/a><\/li>\n<\/ul>\n<ul>\n<li>22 kwiecie\u0144 2016<br \/>\n<a href=\"http:\/\/www.zycieczestochowy.pl\/article\/32790\/ewydanie-22042016r\" target=\"_blank\">http:\/\/www.zycieczestochowy.pl\/article\/32790\/ewydanie-22042016r<\/a><\/li>\n<\/ul>\n<ul>\n<li>25 marca 2016<\/li>\n<\/ul>\n<p style=\"padding-left: 60px;\"><a href=\"http:\/\/www.zycieczestochowy.pl\/article\/23250\/ewydanie-25032016r\">http:\/\/www.zycieczestochowy.pl\/article\/23250\/ewydanie-25032016r<\/a><\/p>\n<ul>\n<li>2 lutego 2016, str. 6<\/li>\n<\/ul>\n<p style=\"padding-left: 60px;\"><a href=\"http:\/\/www.zycieczestochowy.pl\/gfx\/files\/item_15359\/wydanie-05022016.pdf\">http:\/\/www.zycieczestochowy.pl\/gfx\/files\/item_15359\/wydanie-05022016.pdf<\/a><\/p>\n<ul>\n<li>18 grudnia 2015, str. 16<\/li>\n<\/ul>\n<p style=\"padding-left: 60px;\"><a href=\"http:\/\/www.zycieczestochowy.pl\/article\/14869\/ewydanie-18122015r\">http:\/\/www.zycieczestochowy.pl\/article\/14869\/ewydanie-18122015r<\/a><\/p>\n<ul>\n<li>27 listopada 2015, str. 11, 15<\/li>\n<\/ul>\n<p style=\"padding-left: 60px;\"><a href=\"http:\/\/www.zycieczestochowy.pl\/article\/14629\/ewydanie-27112015r\">http:\/\/www.zycieczestochowy.pl\/article\/14629\/ewydanie-27112015r<\/a><\/p>\n<ul>\n<li>23 pa\u017adziernika 2015, str. 22<\/li>\n<\/ul>\n<p style=\"padding-left: 60px;\"><u>http:\/\/www.zycieczestochowy.pl\/article\/11341\/ewydanie-23102015r<\/u><\/p>\n","protected":false},"excerpt":{"rendered":"<p>Wsp\u00f3\u0142pracujemy stale z \u201e\u017byciem Cz\u0119stochowy\u201d, w kt\u00f3rej ukazuj\u0105 si\u0119 informacje dotycz\u0105ce naszej szko\u0142y, imprez artystycznych, kulturalnych i sportowych. Artyku\u0142y przygotowuj\u0105 nauczyciele i uczniowie. czerwiec http:\/\/www.zycieczestochowy.pl\/article\/46833\/ewydanie-17062016r 20 maj 2016 http:\/\/www.zycieczestochowy.pl\/article\/37405\/ewydanie-20052016r 22 kwiecie\u0144 2016 http:\/\/www.zycieczestochowy.pl\/article\/32790\/ewydanie-22042016r 25 marca 2016 http:\/\/www.zycieczestochowy.pl\/article\/23250\/ewydanie-25032016r 2 lutego 2016, &hellip; <a href=\"https:\/\/zeromski.czest.pl\/?page_id=1120\">Czytaj dalej <span class=\"meta-nav\">&rarr;<\/span><\/a><\/p>\n","protected":false},"author":1,"featured_media":0,"parent":0,"menu_order":0,"comment_status":"closed","ping_status":"closed","template":"","meta":{"footnotes":"","_links_to":"","_links_to_target":""},"class_list":["post-1120","page","type-page","status-publish","hentry"],"_links":{"self":[{"href":"https:\/\/zeromski.czest.pl\/index.php?rest_route=\/wp\/v2\/pages\/1120","targetHints":{"allow":["GET"]}}],"collection":[{"href":"https:\/\/zeromski.czest.pl\/index.php?rest_route=\/wp\/v2\/pages"}],"about":[{"href":"https:\/\/zeromski.czest.pl\/index.php?rest_route=\/wp\/v2\/types\/page"}],"author":[{"embeddable":true,"href":"https:\/\/zeromski.czest.pl\/index.php?rest_route=\/wp\/v2\/users\/1"}],"replies":[{"embeddable":true,"href":"https:\/\/zeromski.czest.pl\/index.php?rest_route=%2Fwp%2Fv2%2Fcomments&post=1120"}],"version-history":[{"count":6,"href":"https:\/\/zeromski.czest.pl\/index.php?rest_route=\/wp\/v2\/pages\/1120\/revisions"}],"predecessor-version":[{"id":1802,"href":"https:\/\/zeromski.czest.pl\/index.php?rest_route=\/wp\/v2\/pages\/1120\/revisions\/1802"}],"wp:attachment":[{"href":"https:\/\/zeromski.czest.pl\/index.php?rest_route=%2Fwp%2Fv2%2Fmedia&parent=1120"}],"curies":[{"name":"wp","href":"https:\/\/api.w.org\/{rel}","templated":true}]}}