{"id":12073,"date":"2022-03-07T14:20:00","date_gmt":"2022-03-07T14:20:00","guid":{"rendered":"http:\/\/zeromski.czest.pl\/?page_id=12073"},"modified":"2022-03-07T14:26:32","modified_gmt":"2022-03-07T14:26:32","slug":"ukraina-infolinia","status":"publish","type":"page","link":"https:\/\/zeromski.czest.pl\/?page_id=12073","title":{"rendered":"Infolinia po ukrai\u0144sku"},"content":{"rendered":"<p><strong>Uwaga! Pomoc 800 12 12 12 po ukrai\u0144sku<\/strong><\/p>\n<p><strong>Od \u015brody 2 marca br. przy darmowym Dzieci\u0119cym Telefonie Zaufania Rzecznika Praw Dziecka 800 12 12 12 dy\u017curowa\u0107 b\u0119dzie psycholog biegle pos\u0142uguj\u0105cy\u00a0si\u0119 j\u0119zykiem ukrai\u0144skim. <\/strong><strong>B\u0119dzie te\u017c mo\u017cna uzyska\u0107 wsparcie w\u00a0j\u0119zyku rosyjskim.<\/strong><\/p>\n<p>Dy\u017cury psychologa w j\u0119zyku ukrai\u0144skim i rosyjskim:<\/p>\n<p>\u2013 w godzinach 15<sup>00<\/sup>\u2013 22<sup>00<\/sup>:<\/p>\n<ul>\n<li>\u015broda 2 marca<\/li>\n<li>czwartek 3 marca<\/li>\n<li>poniedzia\u0142ek 7 marca<\/li>\n<li>czwartek 10 marca<\/li>\n<li>poniedzia\u0142ek 14 marca<\/li>\n<li>wtorek 15 marca<\/li>\n<li>\u015broda 16 marca<\/li>\n<li>poniedzia\u0142ek 21 marca<\/li>\n<li>wtorek 22 marca<\/li>\n<li>\u015broda 23 marca<\/li>\n<li>czwartek 24 marca<\/li>\n<li>\u015broda 30 marca<\/li>\n<\/ul>\n<p>\u2013 w godzinach 22<sup>00<\/sup>\u2013 6<sup>00<\/sup>:<\/p>\n<ul>\n<li>pi\u0105tek 11 marca<\/li>\n<li>sobota 26 marca.<\/li>\n<\/ul>\n<p>&nbsp;<\/p>\n","protected":false},"excerpt":{"rendered":"<p>Uwaga! Pomoc 800 12 12 12 po ukrai\u0144sku Od \u015brody 2 marca br. przy darmowym Dzieci\u0119cym Telefonie Zaufania Rzecznika Praw Dziecka 800 12 12 12 dy\u017curowa\u0107 b\u0119dzie psycholog biegle pos\u0142uguj\u0105cy\u00a0si\u0119 j\u0119zykiem ukrai\u0144skim. B\u0119dzie te\u017c mo\u017cna uzyska\u0107 wsparcie w\u00a0j\u0119zyku rosyjskim. Dy\u017cury &hellip; <a href=\"https:\/\/zeromski.czest.pl\/?page_id=12073\">Czytaj dalej <span class=\"meta-nav\">&rarr;<\/span><\/a><\/p>\n","protected":false},"author":1,"featured_media":0,"parent":0,"menu_order":0,"comment_status":"closed","ping_status":"closed","template":"","meta":{"footnotes":"","_links_to":"","_links_to_target":""},"class_list":["post-12073","page","type-page","status-publish","hentry"],"_links":{"self":[{"href":"https:\/\/zeromski.czest.pl\/index.php?rest_route=\/wp\/v2\/pages\/12073","targetHints":{"allow":["GET"]}}],"collection":[{"href":"https:\/\/zeromski.czest.pl\/index.php?rest_route=\/wp\/v2\/pages"}],"about":[{"href":"https:\/\/zeromski.czest.pl\/index.php?rest_route=\/wp\/v2\/types\/page"}],"author":[{"embeddable":true,"href":"https:\/\/zeromski.czest.pl\/index.php?rest_route=\/wp\/v2\/users\/1"}],"replies":[{"embeddable":true,"href":"https:\/\/zeromski.czest.pl\/index.php?rest_route=%2Fwp%2Fv2%2Fcomments&post=12073"}],"version-history":[{"count":3,"href":"https:\/\/zeromski.czest.pl\/index.php?rest_route=\/wp\/v2\/pages\/12073\/revisions"}],"predecessor-version":[{"id":12085,"href":"https:\/\/zeromski.czest.pl\/index.php?rest_route=\/wp\/v2\/pages\/12073\/revisions\/12085"}],"wp:attachment":[{"href":"https:\/\/zeromski.czest.pl\/index.php?rest_route=%2Fwp%2Fv2%2Fmedia&parent=12073"}],"curies":[{"name":"wp","href":"https:\/\/api.w.org\/{rel}","templated":true}]}}