{"id":13483,"date":"2022-09-02T16:01:06","date_gmt":"2022-09-02T16:01:06","guid":{"rendered":"http:\/\/zeromski.czest.pl\/?page_id=13483"},"modified":"2022-09-02T16:01:06","modified_gmt":"2022-09-02T16:01:06","slug":"polityka-prywatnosci","status":"publish","type":"page","link":"https:\/\/zeromski.czest.pl\/?page_id=13483","title":{"rendered":"Polityka prywatno\u015bci"},"content":{"rendered":"<p><strong>Regulamin u\u017cytkowania i polityka prywatno\u015bci serwisu\u00a0\u00a0\u00a0\u00a0\u00a0\u00a0\u00a0\u00a0\u00a0 <\/strong><\/p>\n<p>Wszelkie prawa do zawarto\u015bci serwisu Zespo\u0142u Szk\u00f3\u0142 Technicznych i Og\u00f3lnokszta\u0142c\u0105cy im. Stefana \u017beromskiego w Cz\u0119stochowie www.zeromski.czest.pl s\u0105 zastrze\u017cone. U\u017cytkownik ma prawo do pobierania oraz drukowania ca\u0142ych stron lub fragment\u00f3w portalu pod warunkiem nienaruszania praw autorskich oraz praw o rejestracji znak\u00f3w nale\u017c\u0105cych do Zespo\u0142u Szk\u00f3\u0142 Technicznych i Og\u00f3lnokszta\u0142c\u0105cy im. Stefana \u017beromskiego w Cz\u0119stochowie. \u017badna cz\u0119\u015b\u0107 serwisu nie mo\u017ce by\u0107 w ca\u0142o\u015bci lub cz\u0119\u015bci kopiowana w celach komercyjnych, transmitowana elektronicznie lub w inny spos\u00f3b modyfikowana, linkowana lub wykorzystana bez uprzedniej zgody Zespo\u0142u Szk\u00f3\u0142 Technicznych i Og\u00f3lnokszta\u0142c\u0105cy im. Stefana \u017beromskiego w Cz\u0119stochowie<\/p>\n<p><strong>Odno\u015bniki do innych stron\u00a0\u00a0\u00a0\u00a0\u00a0 <\/strong><\/p>\n<p>Strona Zespo\u0142u Szk\u00f3\u0142 Technicznych i Og\u00f3lnokszta\u0142c\u0105cy im. Stefana \u017beromskiego w Cz\u0119stochowie mo\u017ce zawiera\u0107 odno\u015bniki do innych stron \u201ewww\u201d, kt\u00f3re s\u0105 w\u0142asno\u015bci\u0105 oraz s\u0105 prowadzone przez niezale\u017cne jednostki i instytucje. U\u017cytkownicy powinni zdawa\u0107 sobie spraw\u0119 z faktu, Zespo\u0142u Szk\u00f3\u0142 Technicznych i Og\u00f3lnokszta\u0142c\u0105cy im. Stefana \u017beromskiego w Cz\u0119stochowie nie odpowiada za tre\u015bci zamieszczone w serwisach, do kt\u00f3rych odno\u015bniki znajduj\u0105 si\u0119 na stronie www.zeromski.czest.pl. Sugerujemy, by po przej\u015bciu na inne strony, zapozna\u0107 si\u0119 z polityk\u0105 prywatno\u015bci tam ustalon\u0105. Niniejszy polityka prywatno\u015bci odnosi si\u0119 tylko do serwisu www Zespo\u0142u Szk\u00f3\u0142 Technicznych i Og\u00f3lnokszta\u0142c\u0105cy im. Stefana \u017beromskiego w Cz\u0119stochowie.<\/p>\n<p><strong>Gromadzenie danych<\/strong><\/p>\n<p>W serwisie www Zespo\u0142u Szk\u00f3\u0142 Technicznych i Og\u00f3lnokszta\u0142c\u0105cy im. Stefana \u017beromskiego w Cz\u0119stochowie \u00a0przechowujemy zapytania HTTP kierowane do naszego serwera. Przegl\u0105dane zasoby identyfikowane s\u0105 poprzez adresy URL.\u00a0 Poni\u017cej znajduje si\u0119 dok\u0142adny wykaz informacji przechowywanych w\u00a0plikach log\u00f3w serwera www:<\/p>\n<ul>\n<li>publiczny adres IP komputera, z\u00a0kt\u00f3rego nadesz\u0142o zapytanie,<\/li>\n<li>nazw\u0119 stacji klienta &#8211; identyfikacja realizowana przez protok\u00f3\u0142 HTTP o\u00a0ile jest mo\u017cliwa,<\/li>\n<li>nazwa u\u017cytkownika podawana w\u00a0procesie autoryzacji,<\/li>\n<li>czas nadej\u015bcia zapytania,<\/li>\n<li>pierwszy wiersz \u017c\u0105dania HTTP,<\/li>\n<li>kod odpowiedzi HTTP,<\/li>\n<li>liczb\u0119 wys\u0142anych przez serwer bajt\u00f3w,<\/li>\n<\/ul>\n<p>adres URL strony poprzednio odwiedzanej przez u\u017cytkownika (referer link) \u2013\u00a0 w\u00a0przypadku gdy przej\u015bcie do Zespo\u0142u Szk\u00f3\u0142 Technicznych i Og\u00f3lnokszta\u0142c\u0105cy im. Stefana \u017beromskiego w Cz\u0119stochowie.<\/p>\n<ul>\n<li>nast\u0105pi\u0142o przez odno\u015bnik,<\/li>\n<li>informacje o\u00a0przegl\u0105darce u\u017cytkownika,<\/li>\n<li>informacje o\u00a0b\u0142\u0119dach, jakie nast\u0105pi\u0142y przy realizacji transakcji HTTP.<\/li>\n<\/ul>\n<p>Dane te nie s\u0105 kojarzone z\u00a0konkretnymi osobami przegl\u0105daj\u0105cymi strony Zespo\u0142u Szk\u00f3\u0142 Technicznych i Og\u00f3lnokszta\u0142c\u0105cy im. Stefana \u017beromskiego w Cz\u0119stochowie. Dla zapewnienia jak najwy\u017cszej jako\u015bci serwisu, okazjonalnie analizujemy pliki z\u00a0logami w\u00a0celu okre\u015blenia: kt\u00f3re strony odwiedzane s\u0105 najcz\u0119\u015bciej, jakie przegl\u0105darki stron www s\u0105 stosowane, czy struktura strony nie zawiera b\u0142\u0119d\u00f3w itp.<\/p>\n<p><strong>Logi systemowe\u00a0\u00a0\u00a0\u00a0\u00a0\u00a0\u00a0\u00a0\u00a0\u00a0 <\/strong><\/p>\n<p>Gromadzone logi systemowe przechowywane s\u0105 przez czas nieokre\u015blony i s\u0105 wykorzystywane tylko do administrowania serwisem. Informacje w nich zawarte nie s\u0105 ujawniane nikomu poza osobami upowa\u017cnionymi do administrowania serwerem oraz sieci\u0105 [nale\u017cy wpisa\u0107 pe\u0142n\u0105 nazw\u0119 jednostki]. Zebrane logi wykorzystywane s\u0105 jedynie w celach statystycznych i nie s\u0142u\u017c\u0105 do identyfikacji poszczeg\u00f3lnych u\u017cytkownik\u00f3w serwisu. Zawieraj\u0105 informacj\u0119 o odwiedzonych stronach portalu\u00a0www.zeromski.czest.pl, typie przegl\u0105darki z jakiej u\u017cytkownik korzysta oraz o systemie operacyjnym zainstalowanym na komputerze internauty.<\/p>\n<p><strong>Cookies<\/strong><\/p>\n<p>Poprzez pliki cookies (tzw. ciasteczka) nale\u017cy rozumie\u0107 dane informatyczne, w szczeg\u00f3lno\u015bci pliki tekstowe, kt\u00f3re wysy\u0142ane s\u0105 przez odwiedzany serwis internetowy do urz\u0105dzenia internauty, w szczeg\u00f3lno\u015bci komputera czy smartfona. Mechanizm Cookies nie jest wykorzystywany do pozyskiwania jakichkolwiek informacji o u\u017cytkownikach serwisu ani \u015bledzenia ich nawigacji. Pliki te stosowane w serwisie Zespo\u0142u Szk\u00f3\u0142 Technicznych i Og\u00f3lnokszta\u0142c\u0105cy im. Stefana \u017beromskiego w Cz\u0119stochowie nie przechowuj\u0105 \u017cadnych danych osobowych, ani innych informacji zebranych od u\u017cytkownik\u00f3w.<\/p>\n<p>W serwisie\u00a0 portalu\u00a0www.zeromski.czest.pl u\u017cywa si\u0119 cookies jedynie, by dostosowa\u0107 serwis do potrzeb u\u017cytkownik\u00f3w, a tak\u017ce w celach statystycznych.<\/p>\n<p>Strona internetowa Zespo\u0142u Szk\u00f3\u0142 Technicznych i Og\u00f3lnokszta\u0142c\u0105cy im. Stefana \u017beromskiego w Cz\u0119stochowie korzysta z mechanizmu cookies Google Analytics, kt\u00f3ry s\u0142u\u017cy do \u015bledzenia informacji na temat korzystaj\u0105cych z serwisu. Dane zawarte\u00a0 plikach cookies s\u0142u\u017c\u0105 do tworzenia statystyk dla witryny www.zeromski.czest.pl zbierane s\u0105 anonimowo i dotycz\u0105: regionu po\u0142\u0105czenia, przekierowa\u0144 z innych witryn, liczby odwiedzin oraz odwiedzonych stron.<\/p>\n<p>W celu zapoznania si\u0119 z Polityk\u0105 Prywatno\u015bci Google Analytics wejd\u017a na stron\u0119: <a href=\"https:\/\/support.google.com\/analytics\/answer\/6004245\">https:\/\/support.google.com\/analytics\/answer\/6004245<\/a>. Je\u015bli nie chcesz korzysta\u0107 z mechanizm\u00f3w Google Analytics zainstaluj\u00a0<a href=\"https:\/\/tools.google.com\/dlpage\/gaoptout\">dodatek<\/a>\u00a0do przegl\u0105darki, kt\u00f3ry blokuje mechanizm Google.<\/p>\n<p><strong>Kontakt<\/strong><\/p>\n<p>U\u017cytkownicy, kt\u00f3rzy maj\u0105 pytania dotycz\u0105ce niniejszej deklaracji ochrony prywatno\u015bci, praktyk stosowanych na tej stronie, czy te\u017c sposob\u00f3w utrzymywania z ni\u0105 kontakt\u00f3w, proszone s\u0105 o wys\u0142anie uwag pod adres:j.skorka@zeromski.czest.pl.<\/p>\n<p>Korzystaj\u0105c z serwisu internetowego Zespo\u0142u Szk\u00f3\u0142 Technicznych i Og\u00f3lnokszta\u0142c\u0105cy im. Stefana \u017beromskiego w Cz\u0119stochowie akceptujecie Pa\u0144stwo zasady zawarte w polityce prywatno\u015bci portalu\u00a0 www.zeromski.czest.pl<\/p>\n<p><strong>Zmiany<\/strong><\/p>\n<p>W przypadku zmiany obowi\u0105zuj\u0105cej polityki prywatno\u015bci w www.zeromski.czest.pl wprowadzone zostan\u0105 odpowiednie modyfikacje do powy\u017cszego zapisu.<\/p>\n","protected":false},"excerpt":{"rendered":"<p>Regulamin u\u017cytkowania i polityka prywatno\u015bci serwisu\u00a0\u00a0\u00a0\u00a0\u00a0\u00a0\u00a0\u00a0\u00a0 Wszelkie prawa do zawarto\u015bci serwisu Zespo\u0142u Szk\u00f3\u0142 Technicznych i Og\u00f3lnokszta\u0142c\u0105cy im. Stefana \u017beromskiego w Cz\u0119stochowie www.zeromski.czest.pl s\u0105 zastrze\u017cone. U\u017cytkownik ma prawo do pobierania oraz drukowania ca\u0142ych stron lub fragment\u00f3w portalu pod warunkiem nienaruszania praw &hellip; <a href=\"https:\/\/zeromski.czest.pl\/?page_id=13483\">Czytaj dalej <span class=\"meta-nav\">&rarr;<\/span><\/a><\/p>\n","protected":false},"author":1,"featured_media":0,"parent":0,"menu_order":0,"comment_status":"closed","ping_status":"closed","template":"","meta":{"footnotes":"","_links_to":"","_links_to_target":""},"class_list":["post-13483","page","type-page","status-publish","hentry"],"_links":{"self":[{"href":"https:\/\/zeromski.czest.pl\/index.php?rest_route=\/wp\/v2\/pages\/13483","targetHints":{"allow":["GET"]}}],"collection":[{"href":"https:\/\/zeromski.czest.pl\/index.php?rest_route=\/wp\/v2\/pages"}],"about":[{"href":"https:\/\/zeromski.czest.pl\/index.php?rest_route=\/wp\/v2\/types\/page"}],"author":[{"embeddable":true,"href":"https:\/\/zeromski.czest.pl\/index.php?rest_route=\/wp\/v2\/users\/1"}],"replies":[{"embeddable":true,"href":"https:\/\/zeromski.czest.pl\/index.php?rest_route=%2Fwp%2Fv2%2Fcomments&post=13483"}],"version-history":[{"count":1,"href":"https:\/\/zeromski.czest.pl\/index.php?rest_route=\/wp\/v2\/pages\/13483\/revisions"}],"predecessor-version":[{"id":13484,"href":"https:\/\/zeromski.czest.pl\/index.php?rest_route=\/wp\/v2\/pages\/13483\/revisions\/13484"}],"wp:attachment":[{"href":"https:\/\/zeromski.czest.pl\/index.php?rest_route=%2Fwp%2Fv2%2Fmedia&parent=13483"}],"curies":[{"name":"wp","href":"https:\/\/api.w.org\/{rel}","templated":true}]}}