{"id":19661,"date":"2024-11-27T12:34:55","date_gmt":"2024-11-27T12:34:55","guid":{"rendered":"https:\/\/zeromski.czest.pl\/?page_id=19661"},"modified":"2024-11-27T12:37:18","modified_gmt":"2024-11-27T12:37:18","slug":"inspektor-ochrony-danych-osobowych","status":"publish","type":"page","link":"https:\/\/zeromski.czest.pl\/?page_id=19661","title":{"rendered":"Inspektor Ochrony Danych Osobowych"},"content":{"rendered":"<p>W\u00a0 sprawach\u00a0 zwi\u0105zanych\u00a0 z\u00a0 przetwarzaniem\u00a0 danych osobowych przez\u00a0 Administratora danych mo\u017cna kontaktowa\u0107 si\u0119 z:<\/p>\n<p>wyznaczonym <strong>Inspektorem Ochrony Danych<\/strong> w Zespole Szk\u00f3\u0142 Technicznych i Og\u00f3lnokszta\u0142c\u0105cych im. Stefana \u017beromskiego w Cz\u0119stochowie \u2013 Pani\u0105 Justyn\u0105 Sprycha<\/p>\n<p>lub <strong>Zast\u0119pc\u0105 Inspektora Ochrony Danych<\/strong> \u2013 Pani\u0105 Monik\u0105 S\u0142awuta:<\/p>\n<ol>\n<li>Za po\u015brednictwem poczty elektronicznej: iod.bfo@edukacja.czestochowa.pl<\/li>\n<li>telefonicznie pod numerem 34 370 63 14.<\/li>\n<\/ol>\n","protected":false},"excerpt":{"rendered":"<p>W\u00a0 sprawach\u00a0 zwi\u0105zanych\u00a0 z\u00a0 przetwarzaniem\u00a0 danych osobowych przez\u00a0 Administratora danych mo\u017cna kontaktowa\u0107 si\u0119 z: wyznaczonym Inspektorem Ochrony Danych w Zespole Szk\u00f3\u0142 Technicznych i Og\u00f3lnokszta\u0142c\u0105cych im. Stefana \u017beromskiego w Cz\u0119stochowie \u2013 Pani\u0105 Justyn\u0105 Sprycha lub Zast\u0119pc\u0105 Inspektora Ochrony Danych \u2013 Pani\u0105 &hellip; <a href=\"https:\/\/zeromski.czest.pl\/?page_id=19661\">Czytaj dalej <span class=\"meta-nav\">&rarr;<\/span><\/a><\/p>\n","protected":false},"author":1,"featured_media":0,"parent":0,"menu_order":0,"comment_status":"closed","ping_status":"closed","template":"","meta":{"footnotes":"","_links_to":"","_links_to_target":""},"class_list":["post-19661","page","type-page","status-publish","hentry"],"_links":{"self":[{"href":"https:\/\/zeromski.czest.pl\/index.php?rest_route=\/wp\/v2\/pages\/19661","targetHints":{"allow":["GET"]}}],"collection":[{"href":"https:\/\/zeromski.czest.pl\/index.php?rest_route=\/wp\/v2\/pages"}],"about":[{"href":"https:\/\/zeromski.czest.pl\/index.php?rest_route=\/wp\/v2\/types\/page"}],"author":[{"embeddable":true,"href":"https:\/\/zeromski.czest.pl\/index.php?rest_route=\/wp\/v2\/users\/1"}],"replies":[{"embeddable":true,"href":"https:\/\/zeromski.czest.pl\/index.php?rest_route=%2Fwp%2Fv2%2Fcomments&post=19661"}],"version-history":[{"count":2,"href":"https:\/\/zeromski.czest.pl\/index.php?rest_route=\/wp\/v2\/pages\/19661\/revisions"}],"predecessor-version":[{"id":19665,"href":"https:\/\/zeromski.czest.pl\/index.php?rest_route=\/wp\/v2\/pages\/19661\/revisions\/19665"}],"wp:attachment":[{"href":"https:\/\/zeromski.czest.pl\/index.php?rest_route=%2Fwp%2Fv2%2Fmedia&parent=19661"}],"curies":[{"name":"wp","href":"https:\/\/api.w.org\/{rel}","templated":true}]}}