{"id":20544,"date":"2025-03-19T12:56:26","date_gmt":"2025-03-19T12:56:26","guid":{"rendered":"https:\/\/zeromski.czest.pl\/?page_id=20544"},"modified":"2025-03-19T13:26:46","modified_gmt":"2025-03-19T13:26:46","slug":"tekst-czytany-maszynowo","status":"publish","type":"page","link":"https:\/\/zeromski.czest.pl\/?page_id=20544","title":{"rendered":"Tekst czytany maszynowo"},"content":{"rendered":"<p><a href=\"https:\/\/zeromski.czest.pl\/wp-content\/uploads\/2025\/03\/Tekst-do-odczytu-maszynowego-ZSTIO.docx\">Informacje o dzia\u0142alno\u015bci szko\u0142y -Tekst do odczytu maszynowego<\/a><\/p>\n","protected":false},"excerpt":{"rendered":"<p>Informacje o dzia\u0142alno\u015bci szko\u0142y -Tekst do odczytu maszynowego<\/p>\n","protected":false},"author":1,"featured_media":0,"parent":0,"menu_order":0,"comment_status":"closed","ping_status":"closed","template":"","meta":{"footnotes":"","_links_to":"","_links_to_target":""},"class_list":["post-20544","page","type-page","status-publish","hentry"],"_links":{"self":[{"href":"https:\/\/zeromski.czest.pl\/index.php?rest_route=\/wp\/v2\/pages\/20544","targetHints":{"allow":["GET"]}}],"collection":[{"href":"https:\/\/zeromski.czest.pl\/index.php?rest_route=\/wp\/v2\/pages"}],"about":[{"href":"https:\/\/zeromski.czest.pl\/index.php?rest_route=\/wp\/v2\/types\/page"}],"author":[{"embeddable":true,"href":"https:\/\/zeromski.czest.pl\/index.php?rest_route=\/wp\/v2\/users\/1"}],"replies":[{"embeddable":true,"href":"https:\/\/zeromski.czest.pl\/index.php?rest_route=%2Fwp%2Fv2%2Fcomments&post=20544"}],"version-history":[{"count":2,"href":"https:\/\/zeromski.czest.pl\/index.php?rest_route=\/wp\/v2\/pages\/20544\/revisions"}],"predecessor-version":[{"id":20551,"href":"https:\/\/zeromski.czest.pl\/index.php?rest_route=\/wp\/v2\/pages\/20544\/revisions\/20551"}],"wp:attachment":[{"href":"https:\/\/zeromski.czest.pl\/index.php?rest_route=%2Fwp%2Fv2%2Fmedia&parent=20544"}],"curies":[{"name":"wp","href":"https:\/\/api.w.org\/{rel}","templated":true}]}}