{"id":21421,"date":"2025-06-10T19:31:56","date_gmt":"2025-06-10T19:31:56","guid":{"rendered":"https:\/\/zeromski.czest.pl\/?page_id=21421"},"modified":"2026-05-12T11:21:00","modified_gmt":"2026-05-12T11:21:00","slug":"strefa-wsparcia","status":"publish","type":"page","link":"https:\/\/zeromski.czest.pl\/?page_id=21421","title":{"rendered":"Strefa wsparcia"},"content":{"rendered":"<p><a href=\"https:\/\/zeromski.czest.pl\/wp-content\/uploads\/2025\/11\/strefa.png\" rel=\"lightbox[21421]\"><img loading=\"lazy\" decoding=\"async\" class=\"alignnone size-full wp-image-23114\" src=\"https:\/\/zeromski.czest.pl\/wp-content\/uploads\/2026\/05\/grafik.png\" alt=\"Grafikstrefywsparciamaj2026\n\" width=\"1022\" height=\"576\" srcset=\"https:\/\/zeromski.czest.pl\/wp-content\/uploads\/2026\/05\/grafik.png 1022w, https:\/\/zeromski.czest.pl\/wp-content\/uploads\/2026\/05\/grafik-300x169.png 300w, https:\/\/zeromski.czest.pl\/wp-content\/uploads\/2026\/05\/grafik-768x433.png 768w\" sizes=\"auto, (max-width: 1022px) 100vw, 1022px\" \/><\/a><\/p>\n<p>W naszej szkole, dbamy nie tylko o rozw\u00f3j uczni\u00f3w, ale tak\u017ce o ich dobrostan emocjonalny i spo\u0142eczny. W\u0142a\u015bnie dlatego stworzyli\u015bmy <strong>Stref\u0119 Wsparcia<\/strong> \u2013 wyj\u0105tkowe miejsce, w kt\u00f3rym mo\u017cna znale\u017a\u0107 pomoc i zrozumienie w ka\u017cdej sytuacji.<\/p>\n<p><strong>Pedagog szkolny<\/strong> pomaga uczniom radzi\u0107 sobie z problemami, kt\u00f3re mog\u0105 pojawi\u0107 si\u0119 zar\u00f3wno w szkole, jak i w \u017cyciu prywatnym. Wspiera w rozwi\u0105zywaniu konflikt\u00f3w, trudno\u015bci w nauce, problem\u00f3w emocjonalnych oraz problemach rodzinnych. Pedagog dba o to, aby ka\u017cdy ucze\u0144 czu\u0142 si\u0119 w szkole bezpiecznie i komfortowo. Wsp\u00f3\u0142pracuje r\u00f3wnie\u017c z instytucjami wspieraj\u0105cymi prac\u0119 szko\u0142y.<\/p>\n<p><strong>Psycholog szkolny <\/strong>pomo\u017ce, gdy ucze\u0144 zmaga si\u0119 z problemami emocjonalnymi, stresem, l\u0119kiem czy trudnymi sytuacjami w \u017cyciu osobistym. Mo\u017cesz z nim porozmawia\u0107 o wszystkim \u2013 zar\u00f3wno o relacjach z r\u00f3wie\u015bnikami, problemach rodzinnych, jak i o trudnych decyzjach, przed kt\u00f3rymi stoisz.<\/p>\n<p><strong>Pedagog specjalny<\/strong> zajmuje si\u0119 wsparciem uczni\u00f3w o specjalnych potrzebach edukacyjnych. Pomaga w dostosowaniu procesu nauczania do indywidualnych potrzeb ucznia, prowadzi konsultacje z nauczycielami i rodzicami, a tak\u017ce zapewnia wsparcie w rozwijaniu umiej\u0119tno\u015bci spo\u0142ecznych i emocjonalnych.<\/p>\n<p>W naszej Strefie Wsparcia nie trzeba martwi\u0107 o ocen\u0119 czy niezrozumienie. Ka\u017cda rozmowa jest poufna i mo\u017cna by\u0107 pewnym, \u017ce osoba b\u0119dzie traktowana z szacunkiem. Naszym celem jest, aby ucze\u0144 czu\u0142 si\u0119 bezpiecznie i mia\u0142 zapewnione wsparcie w ka\u017cdej trudnej sytuacji.<\/p>\n<p>Wys\u0142uchamy \u00a0i pomo\u017cemy zrozumie\u0107 to, co sprawia trudno\u015bci \u2013 zar\u00f3wno w szkole, jak i poza ni\u0105. Razem znajdziemy rozwi\u0105zania \u2013 niezale\u017cnie od tego, czy chodzi o problemy w nauce, relacje z r\u00f3wie\u015bnikami czy trudne emocje.<\/p>\n<p>Pomagamy tak\u017ce w rozpoznawaniu indywidualnych potrzeb i dostosowaniu nauki do mo\u017cliwo\u015bci uczni\u00f3w. Je\u015bli b\u0119dzie taka potrzeba, kierujemy do innych specjalist\u00f3w, aby otrzyma\u0142 on kompleksow\u0105 pomoc.<\/p>\n<p>Pomagamy r\u00f3wnie\u017c rodzicom \u2013 je\u015bli szukaj\u0105 Pa\u0144stwo pomocy w rozwi\u0105zywaniu problem\u00f3w wychowawczych lub potrzebuj\u0105 wskaz\u00f3wek, jak wspiera\u0107 swoje dziecko, jeste\u015bmy tutaj, aby doradzi\u0107. Dzielimy si\u0119 wiedz\u0105 i do\u015bwiadczeniem, kt\u00f3re pomog\u0105 w rozwoju kompetencji wychowawczych.<\/p>\n<p>Jeste\u015bmy r\u00f3wnie\u017c dost\u0119pni dla nauczycieli i wychowawc\u00f3w, wspieraj\u0105c ich w pracy z m\u0142odzie\u017c\u0105, zw\u0142aszcza w sytuacjach trudnych wychowawczo i edukacyjnie.<\/p>\n<p>Odwied\u017a nas w Strefie Wsparcia i przekonaj si\u0119, jak mo\u017cemy Ci pom\u00f3c!<\/p>\n<p><img loading=\"lazy\" decoding=\"async\" class=\"size-full wp-image-21423 aligncenter\" src=\"https:\/\/zeromski.czest.pl\/wp-content\/uploads\/2025\/06\/1.png\" alt=\"Strefa wsparcia-zdj\u0119cie nr 1\" width=\"270\" height=\"367\" srcset=\"https:\/\/zeromski.czest.pl\/wp-content\/uploads\/2025\/06\/1.png 270w, https:\/\/zeromski.czest.pl\/wp-content\/uploads\/2025\/06\/1-221x300.png 221w\" sizes=\"auto, (max-width: 270px) 100vw, 270px\" \/><\/p>\n","protected":false},"excerpt":{"rendered":"<p>W naszej szkole, dbamy nie tylko o rozw\u00f3j uczni\u00f3w, ale tak\u017ce o ich dobrostan emocjonalny i spo\u0142eczny. W\u0142a\u015bnie dlatego stworzyli\u015bmy Stref\u0119 Wsparcia \u2013 wyj\u0105tkowe miejsce, w kt\u00f3rym mo\u017cna znale\u017a\u0107 pomoc i zrozumienie w ka\u017cdej sytuacji. Pedagog szkolny pomaga uczniom radzi\u0107 &hellip; <a href=\"https:\/\/zeromski.czest.pl\/?page_id=21421\">Czytaj dalej <span class=\"meta-nav\">&rarr;<\/span><\/a><\/p>\n","protected":false},"author":1,"featured_media":0,"parent":0,"menu_order":0,"comment_status":"closed","ping_status":"closed","template":"","meta":{"footnotes":"","_links_to":"","_links_to_target":""},"class_list":["post-21421","page","type-page","status-publish","hentry"],"_links":{"self":[{"href":"https:\/\/zeromski.czest.pl\/index.php?rest_route=\/wp\/v2\/pages\/21421","targetHints":{"allow":["GET"]}}],"collection":[{"href":"https:\/\/zeromski.czest.pl\/index.php?rest_route=\/wp\/v2\/pages"}],"about":[{"href":"https:\/\/zeromski.czest.pl\/index.php?rest_route=\/wp\/v2\/types\/page"}],"author":[{"embeddable":true,"href":"https:\/\/zeromski.czest.pl\/index.php?rest_route=\/wp\/v2\/users\/1"}],"replies":[{"embeddable":true,"href":"https:\/\/zeromski.czest.pl\/index.php?rest_route=%2Fwp%2Fv2%2Fcomments&post=21421"}],"version-history":[{"count":14,"href":"https:\/\/zeromski.czest.pl\/index.php?rest_route=\/wp\/v2\/pages\/21421\/revisions"}],"predecessor-version":[{"id":23115,"href":"https:\/\/zeromski.czest.pl\/index.php?rest_route=\/wp\/v2\/pages\/21421\/revisions\/23115"}],"wp:attachment":[{"href":"https:\/\/zeromski.czest.pl\/index.php?rest_route=%2Fwp%2Fv2%2Fmedia&parent=21421"}],"curies":[{"name":"wp","href":"https:\/\/api.w.org\/{rel}","templated":true}]}}