{"id":21427,"date":"2025-06-10T19:34:18","date_gmt":"2025-06-10T19:34:18","guid":{"rendered":"https:\/\/zeromski.czest.pl\/?page_id=21427"},"modified":"2025-06-10T19:34:18","modified_gmt":"2025-06-10T19:34:18","slug":"poradnie-psychologiczno-pedagogiczne-w-czestochowie","status":"publish","type":"page","link":"https:\/\/zeromski.czest.pl\/?page_id=21427","title":{"rendered":"Poradnie Psychologiczno- Pedagogiczne w Cz\u0119stochowie"},"content":{"rendered":"<p><strong>Zesp\u00f3\u0142 Poradni Psychologiczno-Pedagogicznych<\/strong><\/p>\n<ul>\n<li>Kosmowskiej 5, 42-224 Cz\u0119stochowa<\/li>\n<li>34 362 24 24, tel. kom. 739 212\u00a0739<\/li>\n<li>E-mail:\u00a0<a href=\"mailto:zppp@edukacja.czestochowa.pl\"><em>zppp@edukacja.czestochowa.pl<\/em><\/a><\/li>\n<li><em>Strona WWW: https:\/\/zpp.ids.czest.pl<\/em><\/li>\n<li>Dyrektor: dr<em>Rafa\u0142 Dziwis \u2013 <\/em>pedagog<\/li>\n<\/ul>\n<p><strong>Zesp\u00f3\u0142 Poradni Psychologiczno-Pedagogicznych<br \/>\n\u2013 Publiczna Poradnia Psychologiczno-Pedagogiczna Po\u0142udnie<\/strong><\/p>\n<ul>\n<li>\u0141ukasi\u0144skiego 40, 42-200 Cz\u0119stochowa<\/li>\n<li>kom. 533 300 966, 533 300\u00a0136<\/li>\n<li>E-mail:\u00a0<em>pppp1@edukacja.czestochowa.pl<\/em><\/li>\n<li>Z-ca Dyrektora:\u00a0<em>mgr Magdalena Bach \u2013 <\/em>psycholog<\/li>\n<\/ul>\n<p><strong>Zesp\u00f3\u0142 Poradni Psychologiczno-Pedagogicznych<br \/>\n\u2013 Publiczna Poradnia Psychologiczno-Pedagogiczna P\u00f3\u0142noc<\/strong><\/p>\n<ul>\n<li>Kosmowskiej 5, 42-224 Cz\u0119stochowa<\/li>\n<li>34 362 24 24, tel. kom. 739 212\u00a0739<\/li>\n<li>E-mail:\u00a0<em>zppp@edukacja.czestochowa.pl<\/em><\/li>\n<li>Z-ca Dyrektora:\u00a0<em>mgr Ma\u0142gorzata Krakowska \u2013 <\/em>pedagog<\/li>\n<\/ul>\n<p><strong>Zesp\u00f3\u0142 Poradni Psychologiczno-Pedagogicznych \u2013 Centrum informacji Zawodowej \u2013 Specjalistyczna Poradnia Psychologiczno-Pedagogiczna<\/strong><\/p>\n<ul>\n<li>\u0141ukasi\u0144skiego 40, 42-207 Cz\u0119stochowa<\/li>\n<li>kom.: 533 377\u00a0180<\/li>\n<li>E-mail:\u00a0<a href=\"mailto:ciz@edukacja.czestochowa.pl\"><em>ciz@edukacja.czestochowa.pl<\/em><\/a><\/li>\n<li>Strona WWW:\u00a0<a href=\"http:\/\/ciz.ids.czest.pl\/\"><em>https:\/\/<\/em><\/a><em>ids.czest.pl\/ciz<\/em><\/li>\n<\/ul>\n","protected":false},"excerpt":{"rendered":"<p>Zesp\u00f3\u0142 Poradni Psychologiczno-Pedagogicznych Kosmowskiej 5, 42-224 Cz\u0119stochowa 34 362 24 24, tel. kom. 739 212\u00a0739 E-mail:\u00a0zppp@edukacja.czestochowa.pl Strona WWW: https:\/\/zpp.ids.czest.pl Dyrektor: drRafa\u0142 Dziwis \u2013 pedagog Zesp\u00f3\u0142 Poradni Psychologiczno-Pedagogicznych \u2013 Publiczna Poradnia Psychologiczno-Pedagogiczna Po\u0142udnie \u0141ukasi\u0144skiego 40, 42-200 Cz\u0119stochowa kom. 533 300 966, &hellip; <a href=\"https:\/\/zeromski.czest.pl\/?page_id=21427\">Czytaj dalej <span class=\"meta-nav\">&rarr;<\/span><\/a><\/p>\n","protected":false},"author":1,"featured_media":0,"parent":0,"menu_order":0,"comment_status":"closed","ping_status":"closed","template":"","meta":{"footnotes":"","_links_to":"","_links_to_target":""},"class_list":["post-21427","page","type-page","status-publish","hentry"],"_links":{"self":[{"href":"https:\/\/zeromski.czest.pl\/index.php?rest_route=\/wp\/v2\/pages\/21427","targetHints":{"allow":["GET"]}}],"collection":[{"href":"https:\/\/zeromski.czest.pl\/index.php?rest_route=\/wp\/v2\/pages"}],"about":[{"href":"https:\/\/zeromski.czest.pl\/index.php?rest_route=\/wp\/v2\/types\/page"}],"author":[{"embeddable":true,"href":"https:\/\/zeromski.czest.pl\/index.php?rest_route=\/wp\/v2\/users\/1"}],"replies":[{"embeddable":true,"href":"https:\/\/zeromski.czest.pl\/index.php?rest_route=%2Fwp%2Fv2%2Fcomments&post=21427"}],"version-history":[{"count":1,"href":"https:\/\/zeromski.czest.pl\/index.php?rest_route=\/wp\/v2\/pages\/21427\/revisions"}],"predecessor-version":[{"id":21428,"href":"https:\/\/zeromski.czest.pl\/index.php?rest_route=\/wp\/v2\/pages\/21427\/revisions\/21428"}],"wp:attachment":[{"href":"https:\/\/zeromski.czest.pl\/index.php?rest_route=%2Fwp%2Fv2%2Fmedia&parent=21427"}],"curies":[{"name":"wp","href":"https:\/\/api.w.org\/{rel}","templated":true}]}}