{"id":21432,"date":"2025-06-10T19:37:34","date_gmt":"2025-06-10T19:37:34","guid":{"rendered":"https:\/\/zeromski.czest.pl\/?page_id=21432"},"modified":"2025-06-10T19:38:16","modified_gmt":"2025-06-10T19:38:16","slug":"program-wsparcia-rowiesniczego","status":"publish","type":"page","link":"https:\/\/zeromski.czest.pl\/?page_id=21432","title":{"rendered":"Program Wsparcia R\u00f3wie\u015bniczego"},"content":{"rendered":"<p>W naszej szkole dzia\u0142a <strong>Program Wsparcia R\u00f3wie\u015bniczego<\/strong>, w kt\u00f3rym uczestnicz\u0105 przeszkoleni uczniowie \u2013 Twoi r\u00f3wie\u015bnicy. Mo\u017cesz si\u0119 do nich zwr\u00f3ci\u0107, gdy potrzebujesz rozmowy, wsparcia czy po prostu obecno\u015bci drugiej osoby.<\/p>\n<p>Lista os\u00f3b zaanga\u017cowanych\u00a0 w program:<\/p>\n<ul>\n<li>Natalia Ple\u015bniak<\/li>\n<li>Daria Jarczewska<\/li>\n<li>Weronika Sochacka<\/li>\n<li>Natalia K\u0119sy<\/li>\n<li>Anna St\u0119pie\u0144<\/li>\n<li>Antonia Kupisiewicz<\/li>\n<li>Emilia W\u0119grzy\u0144ska<\/li>\n<li>Julita Kosowska<\/li>\n<li>Katarzyna \u0141\u0119gowik<\/li>\n<li>Liliana Psiuk<\/li>\n<li>Roksana Siedlecka<\/li>\n<li>Zofia Boral<\/li>\n<li>Oskar Kami\u0144ski<\/li>\n<\/ul>\n<p>Je\u015bli potrzebujesz rozmowy, masz problem albo po prostu chcesz si\u0119 wygada\u0107 \u2013 nie b\u00f3j si\u0119 podej\u015b\u0107 i porozmawia\u0107. Czasem kilka s\u0142\u00f3w mo\u017ce naprawd\u0119 du\u017co zmieni\u0107.<\/p>\n<p><img loading=\"lazy\" decoding=\"async\" class=\"size-full wp-image-21434 aligncenter\" src=\"https:\/\/zeromski.czest.pl\/wp-content\/uploads\/2025\/06\/3.png\" alt=\"Program Wsparcia R\u00f3wie\u015bniczego-zdj\u0119cie os\u00f3b zaanga\u017cownych\" width=\"277\" height=\"339\" srcset=\"https:\/\/zeromski.czest.pl\/wp-content\/uploads\/2025\/06\/3.png 277w, https:\/\/zeromski.czest.pl\/wp-content\/uploads\/2025\/06\/3-245x300.png 245w\" sizes=\"auto, (max-width: 277px) 100vw, 277px\" \/><\/p>\n","protected":false},"excerpt":{"rendered":"<p>W naszej szkole dzia\u0142a Program Wsparcia R\u00f3wie\u015bniczego, w kt\u00f3rym uczestnicz\u0105 przeszkoleni uczniowie \u2013 Twoi r\u00f3wie\u015bnicy. Mo\u017cesz si\u0119 do nich zwr\u00f3ci\u0107, gdy potrzebujesz rozmowy, wsparcia czy po prostu obecno\u015bci drugiej osoby. Lista os\u00f3b zaanga\u017cowanych\u00a0 w program: Natalia Ple\u015bniak Daria Jarczewska Weronika &hellip; <a href=\"https:\/\/zeromski.czest.pl\/?page_id=21432\">Czytaj dalej <span class=\"meta-nav\">&rarr;<\/span><\/a><\/p>\n","protected":false},"author":1,"featured_media":0,"parent":0,"menu_order":0,"comment_status":"closed","ping_status":"closed","template":"","meta":{"footnotes":"","_links_to":"","_links_to_target":""},"class_list":["post-21432","page","type-page","status-publish","hentry"],"_links":{"self":[{"href":"https:\/\/zeromski.czest.pl\/index.php?rest_route=\/wp\/v2\/pages\/21432","targetHints":{"allow":["GET"]}}],"collection":[{"href":"https:\/\/zeromski.czest.pl\/index.php?rest_route=\/wp\/v2\/pages"}],"about":[{"href":"https:\/\/zeromski.czest.pl\/index.php?rest_route=\/wp\/v2\/types\/page"}],"author":[{"embeddable":true,"href":"https:\/\/zeromski.czest.pl\/index.php?rest_route=\/wp\/v2\/users\/1"}],"replies":[{"embeddable":true,"href":"https:\/\/zeromski.czest.pl\/index.php?rest_route=%2Fwp%2Fv2%2Fcomments&post=21432"}],"version-history":[{"count":2,"href":"https:\/\/zeromski.czest.pl\/index.php?rest_route=\/wp\/v2\/pages\/21432\/revisions"}],"predecessor-version":[{"id":21435,"href":"https:\/\/zeromski.czest.pl\/index.php?rest_route=\/wp\/v2\/pages\/21432\/revisions\/21435"}],"wp:attachment":[{"href":"https:\/\/zeromski.czest.pl\/index.php?rest_route=%2Fwp%2Fv2%2Fmedia&parent=21432"}],"curies":[{"name":"wp","href":"https:\/\/api.w.org\/{rel}","templated":true}]}}