{"id":21437,"date":"2025-06-10T19:43:56","date_gmt":"2025-06-10T19:43:56","guid":{"rendered":"https:\/\/zeromski.czest.pl\/?page_id=21437"},"modified":"2025-06-11T06:45:53","modified_gmt":"2025-06-11T06:45:53","slug":"safe-space","status":"publish","type":"page","link":"https:\/\/zeromski.czest.pl\/?page_id=21437","title":{"rendered":"Safe Space"},"content":{"rendered":"<p><img loading=\"lazy\" decoding=\"async\" class=\"size-full wp-image-21440 aligncenter\" src=\"https:\/\/zeromski.czest.pl\/wp-content\/uploads\/2025\/06\/4.png\" alt=\"grafika rozmawiaj\u0105cych ludzi\" width=\"240\" height=\"240\" srcset=\"https:\/\/zeromski.czest.pl\/wp-content\/uploads\/2025\/06\/4.png 240w, https:\/\/zeromski.czest.pl\/wp-content\/uploads\/2025\/06\/4-150x150.png 150w\" sizes=\"auto, (max-width: 240px) 100vw, 240px\" \/><\/p>\n<p>Miasto Cz\u0119stochowa \u00a0i Galeria Jurajska proponuj\u0105 now\u0105 form\u0119 wsparcia psychologicznego dla dzieci i m\u0142odzie\u017cy\u00a0 pod nazw\u0105 \u201eSafe Space\u201d.<\/p>\n<p>Celem jest zapewnienie bezpiecznej przestrzeni oraz zaoferowanie interwencyjnego wsparcia psychologicznego i profilaktycznego dla uczennic i uczni\u00f3w z terenu Cz\u0119stochowy w czasie tegorocznych wakacji. Dy\u017cury dw\u00f3ch psycholog\u00f3w b\u0119d\u0105 trwa\u0142y dwie godziny dziennie &#8211; 5 razy w tygodniu \u2013 od poniedzia\u0142ku do pi\u0105tku. Otwarcie ju\u017c 23 czerwca (w Dzie\u0144 Ojca).<\/p>\n<p>W \u201eSafe Space\u201d, mieszcz\u0105cej si\u0119 na terenie Galerii Jurajskiej, m\u0142odzi ludzie b\u0119d\u0105 mogli\u00a0 porozmawia\u0107 z kim\u015b, kto ich zrozumie, bez oceniania, anonimowo i bez presji.<\/p>\n<p>Punkt b\u0119dzie prowadzony we wsp\u00f3\u0142pracy z podmiotem leczniczym wyspecjalizowanym we wsparciu psychicznym. Dzi\u0119ki temu m\u0142ode osoby b\u0119d\u0105 mog\u0142y liczy\u0107 \u2013 w razie potrzeby \u2013 na dalsz\u0105, specjalistyczn\u0105 pomoc, kt\u00f3r\u0105 mog\u0105 zosta\u0107 obj\u0119ci tak\u017ce inni cz\u0142onkowie ich rodzin.<\/p>\n<p>Wykorzystywane tak\u017ce b\u0119dzie \u00a0do\u015bwiadczenie w pracy z m\u0142odzie\u017c\u0105 specjalist\u00f3w z miejskiego Zespo\u0142u Poradni Psychologiczno-Pedagogicznych.<br \/>\nSam Zesp\u00f3\u0142 Poradni, dzia\u0142aj\u0105cy w lokalizacjach przy Kosmowskiej i \u0141ukasi\u0144skiego, jest czynny w czasie wakacji szkolnych w tygodniu w godzinach od 8 do 15.30 Mo\u017cna tam otrzyma\u0107 pomoc psychologiczno-pedagogiczn\u0105 w zakresie interwencji kryzysowej i konsultacji psychologicznych.<\/p>\n","protected":false},"excerpt":{"rendered":"<p>Miasto Cz\u0119stochowa \u00a0i Galeria Jurajska proponuj\u0105 now\u0105 form\u0119 wsparcia psychologicznego dla dzieci i m\u0142odzie\u017cy\u00a0 pod nazw\u0105 \u201eSafe Space\u201d. Celem jest zapewnienie bezpiecznej przestrzeni oraz zaoferowanie interwencyjnego wsparcia psychologicznego i profilaktycznego dla uczennic i uczni\u00f3w z terenu Cz\u0119stochowy w czasie tegorocznych &hellip; <a href=\"https:\/\/zeromski.czest.pl\/?page_id=21437\">Czytaj dalej <span class=\"meta-nav\">&rarr;<\/span><\/a><\/p>\n","protected":false},"author":1,"featured_media":0,"parent":0,"menu_order":0,"comment_status":"closed","ping_status":"closed","template":"","meta":{"footnotes":"","_links_to":"","_links_to_target":""},"class_list":["post-21437","page","type-page","status-publish","hentry"],"_links":{"self":[{"href":"https:\/\/zeromski.czest.pl\/index.php?rest_route=\/wp\/v2\/pages\/21437","targetHints":{"allow":["GET"]}}],"collection":[{"href":"https:\/\/zeromski.czest.pl\/index.php?rest_route=\/wp\/v2\/pages"}],"about":[{"href":"https:\/\/zeromski.czest.pl\/index.php?rest_route=\/wp\/v2\/types\/page"}],"author":[{"embeddable":true,"href":"https:\/\/zeromski.czest.pl\/index.php?rest_route=\/wp\/v2\/users\/1"}],"replies":[{"embeddable":true,"href":"https:\/\/zeromski.czest.pl\/index.php?rest_route=%2Fwp%2Fv2%2Fcomments&post=21437"}],"version-history":[{"count":3,"href":"https:\/\/zeromski.czest.pl\/index.php?rest_route=\/wp\/v2\/pages\/21437\/revisions"}],"predecessor-version":[{"id":21442,"href":"https:\/\/zeromski.czest.pl\/index.php?rest_route=\/wp\/v2\/pages\/21437\/revisions\/21442"}],"wp:attachment":[{"href":"https:\/\/zeromski.czest.pl\/index.php?rest_route=%2Fwp%2Fv2%2Fmedia&parent=21437"}],"curies":[{"name":"wp","href":"https:\/\/api.w.org\/{rel}","templated":true}]}}