{"id":21633,"date":"2025-09-08T14:34:29","date_gmt":"2025-09-08T14:34:29","guid":{"rendered":"https:\/\/zeromski.czest.pl\/?page_id=21633"},"modified":"2025-09-09T11:00:26","modified_gmt":"2025-09-09T11:00:26","slug":"zapomogi-socjalne","status":"publish","type":"page","link":"https:\/\/zeromski.czest.pl\/?page_id=21633","title":{"rendered":"Emeryci-Zapomogi socjalne"},"content":{"rendered":"<p>Emeryci wype\u0142niaj\u0105 za\u0142\u0105cznik nr 2 oraz wniosek o przyznanie zapomogi losowej (w przypadku zdarze\u0144 losowych, kt\u00f3re nale\u017cy potwierdzi\u0107 odpowiednim dokumentem np.: za\u015bwiadczeniem lekarskim) lub\u00a0wniosek o przyznanie zapomogi socjalnej\u00a0 (w przypadku okresowo wyst\u0119puj\u0105cych trudno\u015bci materialnych na zakup np.: lek\u00f3w, opa\u0142u, \u017cywno\u015bci, odzie\u017cy).<\/p>\n<p><a href=\"https:\/\/zeromski.czest.pl\/wp-content\/uploads\/2025\/09\/Zalacznik-nr-2-Oswiadczenie-o-dochodach-rok-2025.docx\">Za\u0142\u0105cznik nr 2 &#8211; O\u015bwiadczenie o dochodach &#8211; rok 2025<\/a><\/p>\n<p><a href=\"https:\/\/zeromski.czest.pl\/wp-content\/uploads\/2025\/09\/Wniosek-o-przyznanie-zapomogi-losowej-klauzula-2025-emeryt.doc\">Wniosek-o-przyznanie-zapomogi-losowej-klauzula 2025 emeryt<\/a><\/p>\n<p><a href=\"https:\/\/zeromski.czest.pl\/wp-content\/uploads\/2025\/09\/Wniosek-o-przyznanie-zapomogi-socjalnej-klauzula-2025-emeryt.doc\">Wniosek o przyznanie zapomogi socjalnej + klauzula 2025 emeryt<\/a><\/p>\n","protected":false},"excerpt":{"rendered":"<p>Emeryci wype\u0142niaj\u0105 za\u0142\u0105cznik nr 2 oraz wniosek o przyznanie zapomogi losowej (w przypadku zdarze\u0144 losowych, kt\u00f3re nale\u017cy potwierdzi\u0107 odpowiednim dokumentem np.: za\u015bwiadczeniem lekarskim) lub\u00a0wniosek o przyznanie zapomogi socjalnej\u00a0 (w przypadku okresowo wyst\u0119puj\u0105cych trudno\u015bci materialnych na zakup np.: lek\u00f3w, opa\u0142u, \u017cywno\u015bci, &hellip; <a href=\"https:\/\/zeromski.czest.pl\/?page_id=21633\">Czytaj dalej <span class=\"meta-nav\">&rarr;<\/span><\/a><\/p>\n","protected":false},"author":1,"featured_media":0,"parent":0,"menu_order":0,"comment_status":"closed","ping_status":"closed","template":"","meta":{"footnotes":"","_links_to":"","_links_to_target":""},"class_list":["post-21633","page","type-page","status-publish","hentry"],"_links":{"self":[{"href":"https:\/\/zeromski.czest.pl\/index.php?rest_route=\/wp\/v2\/pages\/21633","targetHints":{"allow":["GET"]}}],"collection":[{"href":"https:\/\/zeromski.czest.pl\/index.php?rest_route=\/wp\/v2\/pages"}],"about":[{"href":"https:\/\/zeromski.czest.pl\/index.php?rest_route=\/wp\/v2\/types\/page"}],"author":[{"embeddable":true,"href":"https:\/\/zeromski.czest.pl\/index.php?rest_route=\/wp\/v2\/users\/1"}],"replies":[{"embeddable":true,"href":"https:\/\/zeromski.czest.pl\/index.php?rest_route=%2Fwp%2Fv2%2Fcomments&post=21633"}],"version-history":[{"count":4,"href":"https:\/\/zeromski.czest.pl\/index.php?rest_route=\/wp\/v2\/pages\/21633\/revisions"}],"predecessor-version":[{"id":21649,"href":"https:\/\/zeromski.czest.pl\/index.php?rest_route=\/wp\/v2\/pages\/21633\/revisions\/21649"}],"wp:attachment":[{"href":"https:\/\/zeromski.czest.pl\/index.php?rest_route=%2Fwp%2Fv2%2Fmedia&parent=21633"}],"curies":[{"name":"wp","href":"https:\/\/api.w.org\/{rel}","templated":true}]}}