{"id":22032,"date":"2025-11-06T10:56:13","date_gmt":"2025-11-06T10:56:13","guid":{"rendered":"https:\/\/zeromski.czest.pl\/?page_id=22032"},"modified":"2025-11-06T10:56:13","modified_gmt":"2025-11-06T10:56:13","slug":"ubezpieczenie-uczniow","status":"publish","type":"page","link":"https:\/\/zeromski.czest.pl\/?page_id=22032","title":{"rendered":"Ubezpieczenie uczni\u00f3w"},"content":{"rendered":"<p><strong>Rok szkolny 2025\/2026<\/strong><br \/>\n<a href=\"https:\/\/zeromski.czest.pl\/wp-content\/uploads\/2025\/11\/Zgloszenie.pdf\">Zg\u0142oszenie<\/a><\/p>\n<p><a href=\"https:\/\/zeromski.czest.pl\/wp-content\/uploads\/2025\/11\/Zakres-ubezpieczenia.pdf\">Zakres ubezpieczenia<\/a><\/p>\n<p><a href=\"https:\/\/zeromski.czest.pl\/wp-content\/uploads\/2025\/11\/Schemat-zglaszania-szkod-1.pdf\">Schemat-zglaszania-szkod<\/a><\/p>\n<p><a href=\"https:\/\/zeromski.czest.pl\/wp-content\/uploads\/2025\/11\/Postanowienia-dodatkowe-2025-1.pdf\">Postanowienia dodatkowe 2025<\/a><\/p>\n<p><a href=\"https:\/\/zeromski.czest.pl\/wp-content\/uploads\/2025\/11\/OWU-EDU-PLUS-obowiazujace-od-26.03.2025r_-1.pdf\">OWU EDU PLUS obowi\u0105zuj\u0105ce od 26.03.2025r_<\/a><\/p>\n<p><strong>Rok szkolny 2024\/2025<\/strong><\/p>\n<p><a href=\"https:\/\/zeromski.czest.pl\/wp-content\/uploads\/2025\/11\/Druk-zgloszenia-roszczenia-z-ubezpieczenia-NNW.pdf\">Druk zg\u0142oszenia roszczenia z ubezpieczenia NNW<\/a><\/p>\n<p><a href=\"https:\/\/zeromski.czest.pl\/wp-content\/uploads\/2025\/11\/Ogolne-Warunki-Ubezpieczenia-EDU-PLUS.pdf\">Og\u00f3lne Warunki Ubezpieczenia EDU PLUS<\/a><\/p>\n<p><a href=\"https:\/\/zeromski.czest.pl\/wp-content\/uploads\/2025\/11\/Postanowienia-Opcja-Podstawowa-Plus.pdf\">Postanowienia Opcja Podstawowa Plus<\/a><\/p>\n<p><a href=\"https:\/\/zeromski.czest.pl\/wp-content\/uploads\/2025\/11\/Schemat-zglaszania-szkod.pdf\">Schemat zg\u0142aszania szk\u00f3d<\/a><\/p>\n<p><a href=\"https:\/\/zeromski.czest.pl\/wp-content\/uploads\/2025\/11\/Zakres-ubezpieczenia-NNW.pdf\">Zakres ubezpieczenia NNW<\/a><\/p>\n","protected":false},"excerpt":{"rendered":"<p>Rok szkolny 2025\/2026 Zg\u0142oszenie Zakres ubezpieczenia Schemat-zglaszania-szkod Postanowienia dodatkowe 2025 OWU EDU PLUS obowi\u0105zuj\u0105ce od 26.03.2025r_ Rok szkolny 2024\/2025 Druk zg\u0142oszenia roszczenia z ubezpieczenia NNW Og\u00f3lne Warunki Ubezpieczenia EDU PLUS Postanowienia Opcja Podstawowa Plus Schemat zg\u0142aszania szk\u00f3d Zakres ubezpieczenia NNW<\/p>\n","protected":false},"author":1,"featured_media":0,"parent":0,"menu_order":0,"comment_status":"closed","ping_status":"closed","template":"","meta":{"footnotes":"","_links_to":"","_links_to_target":""},"class_list":["post-22032","page","type-page","status-publish","hentry"],"_links":{"self":[{"href":"https:\/\/zeromski.czest.pl\/index.php?rest_route=\/wp\/v2\/pages\/22032","targetHints":{"allow":["GET"]}}],"collection":[{"href":"https:\/\/zeromski.czest.pl\/index.php?rest_route=\/wp\/v2\/pages"}],"about":[{"href":"https:\/\/zeromski.czest.pl\/index.php?rest_route=\/wp\/v2\/types\/page"}],"author":[{"embeddable":true,"href":"https:\/\/zeromski.czest.pl\/index.php?rest_route=\/wp\/v2\/users\/1"}],"replies":[{"embeddable":true,"href":"https:\/\/zeromski.czest.pl\/index.php?rest_route=%2Fwp%2Fv2%2Fcomments&post=22032"}],"version-history":[{"count":1,"href":"https:\/\/zeromski.czest.pl\/index.php?rest_route=\/wp\/v2\/pages\/22032\/revisions"}],"predecessor-version":[{"id":22038,"href":"https:\/\/zeromski.czest.pl\/index.php?rest_route=\/wp\/v2\/pages\/22032\/revisions\/22038"}],"wp:attachment":[{"href":"https:\/\/zeromski.czest.pl\/index.php?rest_route=%2Fwp%2Fv2%2Fmedia&parent=22032"}],"curies":[{"name":"wp","href":"https:\/\/api.w.org\/{rel}","templated":true}]}}