{"id":22623,"date":"2026-03-04T09:53:37","date_gmt":"2026-03-04T09:53:37","guid":{"rendered":"https:\/\/zeromski.czest.pl\/?page_id=22623"},"modified":"2026-03-04T09:53:37","modified_gmt":"2026-03-04T09:53:37","slug":"krajowa-odznaka-jakosci-etwinning","status":"publish","type":"page","link":"https:\/\/zeromski.czest.pl\/?page_id=22623","title":{"rendered":"Krajowa Odznaka Jako\u015bci eTwinning"},"content":{"rendered":"<p>Mi\u0142o nam poinformowa\u0107, \u017ce projekt eTwinning Two continents One couisine, prowadzony przez panie Joann\u0119 Chmielarsk\u0105 i Agnieszk\u0119 Pa\u0142yga w roku szkolnym 2024\/2025, otrzyma\u0142 Krajow\u0105 Odznak\u0119 Jako\u015bci eTwinning.\u00a0Celem przyznawania Krajowej Odznaki Jako\u015bci jest wyr\u00f3\u017cnienie nauczycieli i szk\u00f3\u0142, kt\u00f3rych dzia\u0142ania w ramach eTwinningu reprezentuj\u0105 wysoki poziom. Dla nauczycieli jest to uznanie ich pracy, dla uczni\u00f3w to wi\u0119ksza motywacja do prowadzenia zaplanowanych dzia\u0142a\u0144, a dla szko\u0142y \u2013 publiczne potwierdzenie zaanga\u017cowania i d\u0105\u017cenia do jako\u015bci oraz otwarto\u015b\u0107 na wsp\u00f3\u0142prac\u0119 europejsk\u0105. \u00a0Dzi\u0119kujemy i gratulujemy<\/p>\n<p><img loading=\"lazy\" decoding=\"async\" class=\"wp-image-22612 aligncenter\" src=\"https:\/\/zeromski.czest.pl\/wp-content\/uploads\/2026\/03\/IMG_20260303_093356.jpg\" alt=\"Certyfikat eTwining 2026\" width=\"321\" height=\"218\" srcset=\"https:\/\/zeromski.czest.pl\/wp-content\/uploads\/2026\/03\/IMG_20260303_093356.jpg 1200w, https:\/\/zeromski.czest.pl\/wp-content\/uploads\/2026\/03\/IMG_20260303_093356-300x204.jpg 300w, https:\/\/zeromski.czest.pl\/wp-content\/uploads\/2026\/03\/IMG_20260303_093356-768x522.jpg 768w\" sizes=\"auto, (max-width: 321px) 100vw, 321px\" \/><\/p>\n","protected":false},"excerpt":{"rendered":"<p>Mi\u0142o nam poinformowa\u0107, \u017ce projekt eTwinning Two continents One couisine, prowadzony przez panie Joann\u0119 Chmielarsk\u0105 i Agnieszk\u0119 Pa\u0142yga w roku szkolnym 2024\/2025, otrzyma\u0142 Krajow\u0105 Odznak\u0119 Jako\u015bci eTwinning.\u00a0Celem przyznawania Krajowej Odznaki Jako\u015bci jest wyr\u00f3\u017cnienie nauczycieli i szk\u00f3\u0142, kt\u00f3rych dzia\u0142ania w ramach &hellip; <a href=\"https:\/\/zeromski.czest.pl\/?page_id=22623\">Czytaj dalej <span class=\"meta-nav\">&rarr;<\/span><\/a><\/p>\n","protected":false},"author":1,"featured_media":0,"parent":0,"menu_order":0,"comment_status":"closed","ping_status":"closed","template":"","meta":{"footnotes":"","_links_to":"","_links_to_target":""},"class_list":["post-22623","page","type-page","status-publish","hentry"],"_links":{"self":[{"href":"https:\/\/zeromski.czest.pl\/index.php?rest_route=\/wp\/v2\/pages\/22623","targetHints":{"allow":["GET"]}}],"collection":[{"href":"https:\/\/zeromski.czest.pl\/index.php?rest_route=\/wp\/v2\/pages"}],"about":[{"href":"https:\/\/zeromski.czest.pl\/index.php?rest_route=\/wp\/v2\/types\/page"}],"author":[{"embeddable":true,"href":"https:\/\/zeromski.czest.pl\/index.php?rest_route=\/wp\/v2\/users\/1"}],"replies":[{"embeddable":true,"href":"https:\/\/zeromski.czest.pl\/index.php?rest_route=%2Fwp%2Fv2%2Fcomments&post=22623"}],"version-history":[{"count":1,"href":"https:\/\/zeromski.czest.pl\/index.php?rest_route=\/wp\/v2\/pages\/22623\/revisions"}],"predecessor-version":[{"id":22624,"href":"https:\/\/zeromski.czest.pl\/index.php?rest_route=\/wp\/v2\/pages\/22623\/revisions\/22624"}],"wp:attachment":[{"href":"https:\/\/zeromski.czest.pl\/index.php?rest_route=%2Fwp%2Fv2%2Fmedia&parent=22623"}],"curies":[{"name":"wp","href":"https:\/\/api.w.org\/{rel}","templated":true}]}}