{"id":22626,"date":"2026-03-04T09:58:46","date_gmt":"2026-03-04T09:58:46","guid":{"rendered":"https:\/\/zeromski.czest.pl\/?page_id=22626"},"modified":"2026-03-04T09:58:46","modified_gmt":"2026-03-04T09:58:46","slug":"szkolenie-zespolu-projektowego","status":"publish","type":"page","link":"https:\/\/zeromski.czest.pl\/?page_id=22626","title":{"rendered":"Szkolenie zespo\u0142u projektowego"},"content":{"rendered":"<p><img loading=\"lazy\" decoding=\"async\" class=\"wp-image-22627 aligncenter\" src=\"https:\/\/zeromski.czest.pl\/wp-content\/uploads\/2026\/03\/IMG_20260303_121618-1.png\" alt=\"Szkolenia zespo\u0142u projektowego Erasmus 2025-zdj\u0119cie nr 1\" width=\"361\" height=\"200\" srcset=\"https:\/\/zeromski.czest.pl\/wp-content\/uploads\/2026\/03\/IMG_20260303_121618-1.png 1200w, https:\/\/zeromski.czest.pl\/wp-content\/uploads\/2026\/03\/IMG_20260303_121618-1-300x167.png 300w, https:\/\/zeromski.czest.pl\/wp-content\/uploads\/2026\/03\/IMG_20260303_121618-1-768x426.png 768w\" sizes=\"auto, (max-width: 361px) 100vw, 361px\" \/><\/p>\n<p>W dniach 6-7 grudnia 2025 r. panie Beata Wieczorek i Barbara Borzuchowska-St\u0119pie\u0144, aktywne w dzia\u0142aniach zespo\u0142u projektowego Erasmus+ w szkole,\u00a0 uczestniczy\u0142y w stacjonarnych warsztatach doskonalenia zawodowego w Warszawie, w zakresie\u00a0synergii program\u00f3w Erasmus+\u00a0i eTwinning. Uczestnicy szkolenia mieli mo\u017cliwo\u015b\u0107 us\u0142ysze\u0107, jak realizowa\u0107\u00a0priorytet horyzontalny Erasmus+ \u201eTransformacja cyfrowa\u201d\u00a0z wykorzystaniem mo\u017cliwo\u015bci, jakie oferuje program\u00a0eTwinning i\u00a0 dowiedzieli si\u0119, jak\u00a0efektywnie korzysta\u0107 z narz\u0119dzi cyfrowych\u00a0w projektach mi\u0119dzynarodowych. Nauczycielki wzi\u0119\u0142y udzia\u0142 w\u00a0praktycznych warsztatach z obs\u0142ugi platformy ESEP, w tym przestrzeni\u00a0TwinSpace oraz pozna\u0142y inspiruj\u0105ce przyk\u0142ady dobrych praktyk\u00a0ze szk\u00f3\u0142, kt\u00f3re z sukcesem \u0142\u0105cz\u0105 dzia\u0142ania Erasmus+ i eTwinning. Warsztaty by\u0142y doskona\u0142\u0105 okazj\u0105 nie tylko do nauki, lecz tak\u017ce\u00a0doskona\u0142\u0105 przestrzeni\u0105 do integracji, wymiany do\u015bwiadcze\u0144 i wzajemnej inspiracji.<\/p>\n\n\t\t<style type=\"text\/css\">\n\t\t\t#gallery-1 {\n\t\t\t\tmargin: auto;\n\t\t\t}\n\t\t\t#gallery-1 .gallery-item {\n\t\t\t\tfloat: left;\n\t\t\t\tmargin-top: 10px;\n\t\t\t\ttext-align: center;\n\t\t\t\twidth: 33%;\n\t\t\t}\n\t\t\t#gallery-1 img {\n\t\t\t\tborder: 2px solid #cfcfcf;\n\t\t\t}\n\t\t\t#gallery-1 .gallery-caption {\n\t\t\t\tmargin-left: 0;\n\t\t\t}\n\t\t\t\/* see gallery_shortcode() in wp-includes\/media.php *\/\n\t\t<\/style>\n\t\t<div id='gallery-1' class='gallery galleryid-22626 gallery-columns-3 gallery-size-thumbnail'><dl class='gallery-item'>\n\t\t\t<dt class='gallery-icon landscape'>\n\t\t\t\t<a href='https:\/\/zeromski.czest.pl\/wp-content\/uploads\/2026\/03\/IMG_20260303_121635-1.png' rel=\"lightbox[22626]\"><img loading=\"lazy\" decoding=\"async\" width=\"150\" height=\"150\" src=\"https:\/\/zeromski.czest.pl\/wp-content\/uploads\/2026\/03\/IMG_20260303_121635-1-150x150.png\" class=\"attachment-thumbnail size-thumbnail\" alt=\"Szkolenia zespo\u0142u projektowego Erasmus 2025-zdj\u0119cie nr 2\" \/><\/a>\n\t\t\t<\/dt><\/dl><dl class='gallery-item'>\n\t\t\t<dt class='gallery-icon landscape'>\n\t\t\t\t<a href='https:\/\/zeromski.czest.pl\/wp-content\/uploads\/2026\/03\/IMG_20260303_121717-1.png' rel=\"lightbox[22626]\"><img loading=\"lazy\" decoding=\"async\" width=\"150\" height=\"150\" src=\"https:\/\/zeromski.czest.pl\/wp-content\/uploads\/2026\/03\/IMG_20260303_121717-1-150x150.png\" class=\"attachment-thumbnail size-thumbnail\" alt=\"Szkolenia zespo\u0142u projektowego Erasmus 2025-zdj\u0119cie nr 3\" \/><\/a>\n\t\t\t<\/dt><\/dl><dl class='gallery-item'>\n\t\t\t<dt class='gallery-icon landscape'>\n\t\t\t\t<a href='https:\/\/zeromski.czest.pl\/wp-content\/uploads\/2026\/03\/IMG_20260303_121826-1.png' rel=\"lightbox[22626]\"><img loading=\"lazy\" decoding=\"async\" width=\"150\" height=\"150\" src=\"https:\/\/zeromski.czest.pl\/wp-content\/uploads\/2026\/03\/IMG_20260303_121826-1-150x150.png\" class=\"attachment-thumbnail size-thumbnail\" alt=\"Szkolenia zespo\u0142u projektowego Erasmus 2025-zdj\u0119cie nr 4\" \/><\/a>\n\t\t\t<\/dt><\/dl><br style=\"clear: both\" \/><dl class='gallery-item'>\n\t\t\t<dt class='gallery-icon landscape'>\n\t\t\t\t<a href='https:\/\/zeromski.czest.pl\/wp-content\/uploads\/2026\/03\/IMG_20260303_191457-1.png' rel=\"lightbox[22626]\"><img loading=\"lazy\" decoding=\"async\" width=\"150\" height=\"150\" src=\"https:\/\/zeromski.czest.pl\/wp-content\/uploads\/2026\/03\/IMG_20260303_191457-1-150x150.png\" class=\"attachment-thumbnail size-thumbnail\" alt=\"Szkolenia zespo\u0142u projektowego Erasmus 2025-zdj\u0119cie nr 5\" \/><\/a>\n\t\t\t<\/dt><\/dl><dl class='gallery-item'>\n\t\t\t<dt class='gallery-icon landscape'>\n\t\t\t\t<a href='https:\/\/zeromski.czest.pl\/wp-content\/uploads\/2026\/03\/IMG_20260303_191514-1.png' rel=\"lightbox[22626]\"><img loading=\"lazy\" decoding=\"async\" width=\"150\" height=\"150\" src=\"https:\/\/zeromski.czest.pl\/wp-content\/uploads\/2026\/03\/IMG_20260303_191514-1-150x150.png\" class=\"attachment-thumbnail size-thumbnail\" alt=\"Szkolenia zespo\u0142u projektowego Erasmus 2025-zdj\u0119cie nr 6\" \/><\/a>\n\t\t\t<\/dt><\/dl>\n\t\t\t<br style='clear: both' \/>\n\t\t<\/div>\n\n","protected":false},"excerpt":{"rendered":"<p>W dniach 6-7 grudnia 2025 r. panie Beata Wieczorek i Barbara Borzuchowska-St\u0119pie\u0144, aktywne w dzia\u0142aniach zespo\u0142u projektowego Erasmus+ w szkole,\u00a0 uczestniczy\u0142y w stacjonarnych warsztatach doskonalenia zawodowego w Warszawie, w zakresie\u00a0synergii program\u00f3w Erasmus+\u00a0i eTwinning. Uczestnicy szkolenia mieli mo\u017cliwo\u015b\u0107 us\u0142ysze\u0107, jak realizowa\u0107\u00a0priorytet &hellip; <a href=\"https:\/\/zeromski.czest.pl\/?page_id=22626\">Czytaj dalej <span class=\"meta-nav\">&rarr;<\/span><\/a><\/p>\n","protected":false},"author":1,"featured_media":0,"parent":0,"menu_order":0,"comment_status":"closed","ping_status":"closed","template":"","meta":{"footnotes":"","_links_to":"","_links_to_target":""},"class_list":["post-22626","page","type-page","status-publish","hentry"],"_links":{"self":[{"href":"https:\/\/zeromski.czest.pl\/index.php?rest_route=\/wp\/v2\/pages\/22626","targetHints":{"allow":["GET"]}}],"collection":[{"href":"https:\/\/zeromski.czest.pl\/index.php?rest_route=\/wp\/v2\/pages"}],"about":[{"href":"https:\/\/zeromski.czest.pl\/index.php?rest_route=\/wp\/v2\/types\/page"}],"author":[{"embeddable":true,"href":"https:\/\/zeromski.czest.pl\/index.php?rest_route=\/wp\/v2\/users\/1"}],"replies":[{"embeddable":true,"href":"https:\/\/zeromski.czest.pl\/index.php?rest_route=%2Fwp%2Fv2%2Fcomments&post=22626"}],"version-history":[{"count":1,"href":"https:\/\/zeromski.czest.pl\/index.php?rest_route=\/wp\/v2\/pages\/22626\/revisions"}],"predecessor-version":[{"id":22633,"href":"https:\/\/zeromski.czest.pl\/index.php?rest_route=\/wp\/v2\/pages\/22626\/revisions\/22633"}],"wp:attachment":[{"href":"https:\/\/zeromski.czest.pl\/index.php?rest_route=%2Fwp%2Fv2%2Fmedia&parent=22626"}],"curies":[{"name":"wp","href":"https:\/\/api.w.org\/{rel}","templated":true}]}}