{"id":22640,"date":"2026-03-06T09:44:25","date_gmt":"2026-03-06T09:44:25","guid":{"rendered":"https:\/\/zeromski.czest.pl\/?page_id=22640"},"modified":"2026-03-06T10:04:01","modified_gmt":"2026-03-06T10:04:01","slug":"biblioteka-szkolna","status":"publish","type":"page","link":"https:\/\/zeromski.czest.pl\/?page_id=22640","title":{"rendered":"Biblioteka szkolna"},"content":{"rendered":"<ul>\n<li id=\"menu-item-22516\" class=\"menu-item menu-item-type-post_type menu-item-object-post menu-item-22516\"><a href=\"https:\/\/zeromski.czest.pl\/?p=22512\" data-fontsize=\"11\">Walentynki w naszej bibliotece \u2013 znajd\u017a mi\u0142o\u015b\u0107 w ksi\u0105\u017ckach<\/a><\/li>\n<li><a href=\"https:\/\/zeromski.czest.pl\/?p=22280\" data-fontsize=\"11\">Podaruj ksi\u0105\u017ck\u0119<\/a><\/li>\n<li><a href=\"https:\/\/zeromski.czest.pl\/?p=22218\" data-fontsize=\"11\">Podsumowanie IV edycji mi\u0119dzyszkolnego konkursu fotograficznego \u201eUbierz si\u0119 w ksi\u0105\u017ck\u0119, czyli Sleeveface\u201d<\/a><\/li>\n<li><a href=\"https:\/\/zeromski.czest.pl\/wp-content\/uploads\/2025\/11\/SLEEVEFACE.docx\" data-fontsize=\"11\">SLEEVEFACE 2025<\/a><\/li>\n<li id=\"menu-item-21830\" class=\"menu-item menu-item-type-custom menu-item-object-custom menu-item-21830\"><a href=\"https:\/\/zeromski.czest.pl\/wp-content\/uploads\/2025\/09\/Pazdziernik-miesiacem-bibliotek-szkolnych-1.docx\" data-fontsize=\"11\">Pa\u017adziernik miesi\u0105cem bibliotek szkolnych<\/a><\/li>\n<li id=\"menu-item-21829\" class=\"menu-item menu-item-type-custom menu-item-object-custom menu-item-21829\"><a href=\"https:\/\/zeromski.czest.pl\/wp-content\/uploads\/2025\/09\/Dlaczego-warto-czytac.-1.pdf\" data-fontsize=\"11\">Dlaczego warto czyta\u0107<\/a><\/li>\n<li id=\"menu-item-21494\" class=\"menu-item menu-item-type-post_type menu-item-object-post menu-item-21494\"><a href=\"https:\/\/zeromski.czest.pl\/?p=21489\" data-fontsize=\"11\">Nagrody dla najlepszych czytelnik\u00f3w w roku szkolnym 2024\/20245<\/a><\/li>\n<li id=\"menu-item-20802\" class=\"menu-item menu-item-type-post_type menu-item-object-post menu-item-20802\"><a href=\"https:\/\/zeromski.czest.pl\/?p=20797\" data-fontsize=\"11\">Uwolnij ksi\u0105\u017ck\u0119! Czyli Bookcrossing w naszej szkole<\/a><\/li>\n<li id=\"menu-item-20195\" class=\"menu-item menu-item-type-post_type menu-item-object-post menu-item-20195\"><a href=\"https:\/\/zeromski.czest.pl\/?p=20189\" data-fontsize=\"11\">Walentynki w bibliotece<\/a><\/li>\n<li id=\"menu-item-20175\" class=\"menu-item menu-item-type-post_type menu-item-object-post menu-item-20175\"><a href=\"https:\/\/zeromski.czest.pl\/?p=20170\" data-fontsize=\"11\">Ksi\u0105\u017cki z Narodowego Programu Czytelnictwa<\/a><\/li>\n<li id=\"menu-item-19804\" class=\"menu-item menu-item-type-post_type menu-item-object-post menu-item-19804\"><a href=\"https:\/\/zeromski.czest.pl\/?p=19801\" data-fontsize=\"11\">Podaruj ksi\u0105\u017ck\u0119 pod choink\u0119<\/a><\/li>\n<li id=\"menu-item-19736\" class=\"menu-item menu-item-type-post_type menu-item-object-post menu-item-19736\"><a href=\"https:\/\/zeromski.czest.pl\/?p=19711\" data-fontsize=\"11\">III edycja konkursu fotograficznego \u201eSleeveface, czyli ubierz si\u0119 w ksi\u0105\u017ck\u0119\u201d<\/a><\/li>\n<li id=\"menu-item-19407\" class=\"menu-item menu-item-type-custom menu-item-object-custom menu-item-19407\"><a href=\"https:\/\/zeromski.czest.pl\/wp-content\/uploads\/2024\/11\/Magia-czytania-promocja-czytelnictwa.docx\" data-fontsize=\"11\">Magia-czytania<\/a><\/li>\n<li id=\"menu-item-19055\" class=\"menu-item menu-item-type-custom menu-item-object-custom menu-item-19055\"><a href=\"https:\/\/zeromski.czest.pl\/wp-content\/uploads\/2024\/09\/ogloszenie-o-sleeveface.docx\" data-fontsize=\"11\">Sleeveface 2024<\/a><\/li>\n<li id=\"menu-item-18958\" class=\"menu-item menu-item-type-custom menu-item-object-custom menu-item-18958\"><a href=\"https:\/\/zeromski.czest.pl\/wp-content\/uploads\/2024\/09\/Narodowe-Czytanie-Kordiana.docx\" data-fontsize=\"11\">Narodowe czytanie 2024<\/a><\/li>\n<li id=\"menu-item-18734\" class=\"menu-item menu-item-type-custom menu-item-object-custom menu-item-18734\"><a href=\"https:\/\/zeromski.czest.pl\/wp-content\/uploads\/2024\/06\/ZAKONCZENIE-PROJEKTU.docx\" data-fontsize=\"11\">Literacka mapa Cz\u0119stochowy<\/a><\/li>\n<li id=\"menu-item-18726\" class=\"menu-item menu-item-type-custom menu-item-object-custom menu-item-18726\"><a href=\"https:\/\/zeromski.czest.pl\/wp-content\/uploads\/2024\/06\/Wypozyczanie-ksiazek-na-wakacje.docx\" data-fontsize=\"11\">Wypo\u017cyczenie ksi\u0105\u017cek na wakacje<\/a><\/li>\n<li id=\"menu-item-18620\" class=\"menu-item menu-item-type-post_type menu-item-object-post menu-item-18620\"><a href=\"https:\/\/zeromski.czest.pl\/?p=18611\" data-fontsize=\"11\">Maraton Czytelniczy \u201eNasza Europa\u201d<\/a><\/li>\n<li id=\"menu-item-18372\" class=\"menu-item menu-item-type-post_type menu-item-object-post menu-item-18372\"><a href=\"https:\/\/zeromski.czest.pl\/?p=18350\" data-fontsize=\"11\">Weselnym krokiem za Wyspia\u0144skim<\/a><\/li>\n<li id=\"menu-item-18338\" class=\"menu-item menu-item-type-post_type menu-item-object-post menu-item-18338\"><a href=\"https:\/\/zeromski.czest.pl\/?p=18333\" data-fontsize=\"11\">Narodowy Program Rozwoju Czytelnictwa<\/a><\/li>\n<\/ul>\n","protected":false},"excerpt":{"rendered":"<p>Walentynki w naszej bibliotece \u2013 znajd\u017a mi\u0142o\u015b\u0107 w ksi\u0105\u017ckach Podaruj ksi\u0105\u017ck\u0119 Podsumowanie IV edycji mi\u0119dzyszkolnego konkursu fotograficznego \u201eUbierz si\u0119 w ksi\u0105\u017ck\u0119, czyli Sleeveface\u201d SLEEVEFACE 2025 Pa\u017adziernik miesi\u0105cem bibliotek szkolnych Dlaczego warto czyta\u0107 Nagrody dla najlepszych czytelnik\u00f3w w roku szkolnym 2024\/20245 &hellip; <a href=\"https:\/\/zeromski.czest.pl\/?page_id=22640\">Czytaj dalej <span class=\"meta-nav\">&rarr;<\/span><\/a><\/p>\n","protected":false},"author":1,"featured_media":0,"parent":0,"menu_order":0,"comment_status":"closed","ping_status":"closed","template":"","meta":{"footnotes":"","_links_to":"","_links_to_target":""},"class_list":["post-22640","page","type-page","status-publish","hentry"],"_links":{"self":[{"href":"https:\/\/zeromski.czest.pl\/index.php?rest_route=\/wp\/v2\/pages\/22640","targetHints":{"allow":["GET"]}}],"collection":[{"href":"https:\/\/zeromski.czest.pl\/index.php?rest_route=\/wp\/v2\/pages"}],"about":[{"href":"https:\/\/zeromski.czest.pl\/index.php?rest_route=\/wp\/v2\/types\/page"}],"author":[{"embeddable":true,"href":"https:\/\/zeromski.czest.pl\/index.php?rest_route=\/wp\/v2\/users\/1"}],"replies":[{"embeddable":true,"href":"https:\/\/zeromski.czest.pl\/index.php?rest_route=%2Fwp%2Fv2%2Fcomments&post=22640"}],"version-history":[{"count":7,"href":"https:\/\/zeromski.czest.pl\/index.php?rest_route=\/wp\/v2\/pages\/22640\/revisions"}],"predecessor-version":[{"id":22651,"href":"https:\/\/zeromski.czest.pl\/index.php?rest_route=\/wp\/v2\/pages\/22640\/revisions\/22651"}],"wp:attachment":[{"href":"https:\/\/zeromski.czest.pl\/index.php?rest_route=%2Fwp%2Fv2%2Fmedia&parent=22640"}],"curies":[{"name":"wp","href":"https:\/\/api.w.org\/{rel}","templated":true}]}}