{"id":9511,"date":"2021-02-04T11:19:14","date_gmt":"2021-02-04T11:19:14","guid":{"rendered":"http:\/\/zeromski.czest.pl\/?page_id=9511"},"modified":"2021-02-04T11:19:14","modified_gmt":"2021-02-04T11:19:14","slug":"rada-rodzicow","status":"publish","type":"page","link":"https:\/\/zeromski.czest.pl\/?page_id=9511","title":{"rendered":"Rada Rodzic\u00f3w"},"content":{"rendered":"<p>Nr konta do wp\u0142at na Rad\u0119 Rodzic\u00f3w<\/p>\n<p>70 1500 1399 1213 9004 6635 0000 Santander Bank<\/p>\n","protected":false},"excerpt":{"rendered":"<p>Nr konta do wp\u0142at na Rad\u0119 Rodzic\u00f3w 70 1500 1399 1213 9004 6635 0000 Santander Bank<\/p>\n","protected":false},"author":1,"featured_media":0,"parent":0,"menu_order":0,"comment_status":"closed","ping_status":"closed","template":"","meta":{"footnotes":"","_links_to":"","_links_to_target":""},"class_list":["post-9511","page","type-page","status-publish","hentry"],"_links":{"self":[{"href":"https:\/\/zeromski.czest.pl\/index.php?rest_route=\/wp\/v2\/pages\/9511","targetHints":{"allow":["GET"]}}],"collection":[{"href":"https:\/\/zeromski.czest.pl\/index.php?rest_route=\/wp\/v2\/pages"}],"about":[{"href":"https:\/\/zeromski.czest.pl\/index.php?rest_route=\/wp\/v2\/types\/page"}],"author":[{"embeddable":true,"href":"https:\/\/zeromski.czest.pl\/index.php?rest_route=\/wp\/v2\/users\/1"}],"replies":[{"embeddable":true,"href":"https:\/\/zeromski.czest.pl\/index.php?rest_route=%2Fwp%2Fv2%2Fcomments&post=9511"}],"version-history":[{"count":1,"href":"https:\/\/zeromski.czest.pl\/index.php?rest_route=\/wp\/v2\/pages\/9511\/revisions"}],"predecessor-version":[{"id":9512,"href":"https:\/\/zeromski.czest.pl\/index.php?rest_route=\/wp\/v2\/pages\/9511\/revisions\/9512"}],"wp:attachment":[{"href":"https:\/\/zeromski.czest.pl\/index.php?rest_route=%2Fwp%2Fv2%2Fmedia&parent=9511"}],"curies":[{"name":"wp","href":"https:\/\/api.w.org\/{rel}","templated":true}]}}